{"id":175,"date":"2023-04-15T05:35:16","date_gmt":"2023-04-15T05:35:16","guid":{"rendered":"http:\/\/192.168.0.235\/drill\/?page_id=175"},"modified":"2023-10-12T17:45:23","modified_gmt":"2023-10-12T15:45:23","slug":"a-propos","status":"publish","type":"page","link":"https:\/\/ac-ri.com\/index.php\/a-propos\/","title":{"rendered":"A propos"},"content":{"rendered":"\t\t<div data-elementor-type=\"wp-page\" data-elementor-id=\"175\" class=\"elementor elementor-175\">\n\t\t\t\t\t\t\t\t\t<section class=\"elementor-section elementor-top-section elementor-element elementor-element-9be0284 elementor-section-stretched elementor-section-boxed elementor-section-height-default elementor-section-height-default\" data-id=\"9be0284\" data-element_type=\"section\" data-settings=\"{&quot;stretch_section&quot;:&quot;section-stretched&quot;}\">\n\t\t\t\t\t\t<div class=\"elementor-container elementor-column-gap-default\">\n\t\t\t\t\t<div class=\"elementor-column elementor-col-100 elementor-top-column elementor-element elementor-element-f2ec34f\" data-id=\"f2ec34f\" data-element_type=\"column\">\n\t\t\t<div class=\"elementor-widget-wrap elementor-element-populated\">\n\t\t\t\t\t\t\t\t<section class=\"elementor-section elementor-inner-section elementor-element elementor-element-90bc33f elementor-section-content-middle elementor-section-full_width elementor-section-height-default elementor-section-height-default\" data-id=\"90bc33f\" data-element_type=\"section\">\n\t\t\t\t\t\t<div class=\"elementor-container elementor-column-gap-default\">\n\t\t\t\t\t<div class=\"elementor-column elementor-col-50 elementor-inner-column elementor-element elementor-element-fd32773\" data-id=\"fd32773\" data-element_type=\"column\">\n\t\t\t<div class=\"elementor-widget-wrap elementor-element-populated\">\n\t\t\t\t\t\t\t\t<div class=\"elementor-element elementor-element-de9d6b6 elementor-widget elementor-widget-rt-react-image\" data-id=\"de9d6b6\" data-element_type=\"widget\" data-widget_type=\"rt-react-image.default\">\n\t\t\t\t<div class=\"elementor-widget-container\">\n\t\t\t                        <div class=\"react-image no\">\n                                            <img decoding=\"async\" class=\"react-multi-image   image-scale\" src=\"https:\/\/ac-ri.com\/wp-content\/uploads\/2023\/10\/IMG-20231002-WA0014.jpg\" alt=\"image\"\/>\n                                    <\/div>\n                    \n               \n    \t\t<\/div>\n\t\t\t\t<\/div>\n\t\t\t\t\t<\/div>\n\t\t<\/div>\n\t\t\t\t<div class=\"elementor-column elementor-col-50 elementor-inner-column elementor-element elementor-element-656e968\" data-id=\"656e968\" data-element_type=\"column\">\n\t\t\t<div class=\"elementor-widget-wrap elementor-element-populated\">\n\t\t\t\t\t\t\t\t<div class=\"elementor-element elementor-element-8033f27 elementor-widget elementor-widget-react-heading\" data-id=\"8033f27\" data-element_type=\"widget\" data-widget_type=\"react-heading.default\">\n\t\t\t\t<div class=\"elementor-widget-container\">\n\t\t\t\t  \r\n        <div class=\"react-heading default left title-border-\">\r\n        \t<div class=\"title-inner no\">        \t\t      \t\t\r\n\t            <span class=\"sub-text\">A PROPOS DE NOUS<\/span><h2 class=\"title\">AC-RI<\/h2>\t        <\/div>\r\n\t\t\t\t                    \t<div  class=\"description\" >\r\n            \t\t<p class=\"title\">Atelier de Conception et de R\u00e9alisation Industrielle<\/p>            \t\t\r\n            \t<\/div>\r\n        \t\r\n\t            \r\n        <\/div>\r\n        \t\t<\/div>\n\t\t\t\t<\/div>\n\t\t\t\t<div class=\"elementor-element elementor-element-c3942a8 elementor-widget elementor-widget-text-editor\" data-id=\"c3942a8\" data-element_type=\"widget\" data-widget_type=\"text-editor.default\">\n\t\t\t\t<div class=\"elementor-widget-container\">\n\t\t\t<style>\/*! elementor - v3.16.0 - 20-09-2023 *\/\n.elementor-widget-text-editor.elementor-drop-cap-view-stacked .elementor-drop-cap{background-color:#69727d;color:#fff}.elementor-widget-text-editor.elementor-drop-cap-view-framed .elementor-drop-cap{color:#69727d;border:3px solid;background-color:transparent}.elementor-widget-text-editor:not(.elementor-drop-cap-view-default) .elementor-drop-cap{margin-top:8px}.elementor-widget-text-editor:not(.elementor-drop-cap-view-default) .elementor-drop-cap-letter{width:1em;height:1em}.elementor-widget-text-editor .elementor-drop-cap{float:left;text-align:center;line-height:1;font-size:50px}.elementor-widget-text-editor .elementor-drop-cap-letter{display:inline-block}<\/style>\t\t\t\t<p>AC-RI, Atelier de Conception et de R\u00e9alisation Industrielle est une entreprise \u00e0 capitaux purement ivoiriens cr\u00e9e en 2018.<\/p><p>Cette entreprise a vu le jour pour relever de nombreux d\u00e9fis dans divers domaines d\u2019activit\u00e9 industrielle, \u00e0 savoir, l\u2019\u00e9lectricit\u00e9, l\u2019\u00e9lectrotechnique, l\u2019\u00e9lectronique, la robotique, le g\u00e9nie m\u00e9canique et la plasturgie.<\/p><p>L\u2019objectif de l\u2019entreprise est de concevoir ou am\u00e9liorer puis distribuer des produits et syst\u00e8mes des domaines pr\u00e9cit\u00e9s.<\/p><p>Se voulant leader dans ce secteur d\u2019activit\u00e9, AC-RI se dote de plus en plus d\u2019\u00e9quipement de derni\u00e8re g\u00e9n\u00e9ration afin d\u2019atteindre ses objectifs.<\/p>\t\t\t\t\t\t<\/div>\n\t\t\t\t<\/div>\n\t\t\t\t\t<\/div>\n\t\t<\/div>\n\t\t\t\t\t\t\t<\/div>\n\t\t<\/section>\n\t\t\t\t\t<\/div>\n\t\t<\/div>\n\t\t\t\t\t\t\t<\/div>\n\t\t<\/section>\n\t\t\t\t<section class=\"elementor-section elementor-top-section elementor-element elementor-element-aed2ea0 elementor-section-stretched elementor-section-boxed elementor-section-height-default elementor-section-height-default\" data-id=\"aed2ea0\" data-element_type=\"section\" data-settings=\"{&quot;stretch_section&quot;:&quot;section-stretched&quot;}\">\n\t\t\t\t\t\t<div class=\"elementor-container elementor-column-gap-default\">\n\t\t\t\t\t<div class=\"elementor-column elementor-col-100 elementor-top-column elementor-element elementor-element-4cb5ec4\" data-id=\"4cb5ec4\" data-element_type=\"column\">\n\t\t\t<div class=\"elementor-widget-wrap\">\n\t\t\t\t\t\t\t\t\t<\/div>\n\t\t<\/div>\n\t\t\t\t\t\t\t<\/div>\n\t\t<\/section>\n\t\t\t\t\t\t\t<\/div>\n\t\t","protected":false},"excerpt":{"rendered":"<p>A PROPOS DE NOUS AC-RI Atelier de Conception et de R\u00e9alisation Industrielle AC-RI, Atelier de Conception et de R\u00e9alisation Industrielle est une entreprise \u00e0 capitaux purement ivoiriens cr\u00e9e en 2018. Cette entreprise a vu le jour pour relever de nombreux d\u00e9fis dans divers domaines d\u2019activit\u00e9 industrielle, \u00e0 savoir, l\u2019\u00e9lectricit\u00e9, l\u2019\u00e9lectrotechnique, l\u2019\u00e9lectronique, la robotique, le g\u00e9nie&#8230;<\/p>\n","protected":false},"author":1,"featured_media":0,"parent":0,"menu_order":0,"comment_status":"closed","ping_status":"closed","template":"","meta":{"_monsterinsights_skip_tracking":false,"_monsterinsights_sitenote_active":false,"_monsterinsights_sitenote_note":"","_monsterinsights_sitenote_category":0,"footnotes":""},"aioseo_notices":[],"jetpack_sharing_enabled":true,"_links":{"self":[{"href":"https:\/\/ac-ri.com\/index.php\/wp-json\/wp\/v2\/pages\/175"}],"collection":[{"href":"https:\/\/ac-ri.com\/index.php\/wp-json\/wp\/v2\/pages"}],"about":[{"href":"https:\/\/ac-ri.com\/index.php\/wp-json\/wp\/v2\/types\/page"}],"author":[{"embeddable":true,"href":"https:\/\/ac-ri.com\/index.php\/wp-json\/wp\/v2\/users\/1"}],"replies":[{"embeddable":true,"href":"https:\/\/ac-ri.com\/index.php\/wp-json\/wp\/v2\/comments?post=175"}],"version-history":[{"count":17,"href":"https:\/\/ac-ri.com\/index.php\/wp-json\/wp\/v2\/pages\/175\/revisions"}],"predecessor-version":[{"id":10427,"href":"https:\/\/ac-ri.com\/index.php\/wp-json\/wp\/v2\/pages\/175\/revisions\/10427"}],"wp:attachment":[{"href":"https:\/\/ac-ri.com\/index.php\/wp-json\/wp\/v2\/media?parent=175"}],"curies":[{"name":"wp","href":"https:\/\/api.w.org\/{rel}","templated":true}]}}