{"id":10753,"date":"2025-07-13T22:16:12","date_gmt":"2025-07-13T22:16:12","guid":{"rendered":"https:\/\/ac-ri.com\/?post_type=product&#038;p=10753"},"modified":"2025-07-13T22:16:12","modified_gmt":"2025-07-13T22:16:12","slug":"vis-bois-tete-fraisee-fendue-acier-zingue-blanc-din-97","status":"publish","type":"product","link":"https:\/\/ac-ri.com\/index.php\/produit\/vis-bois-tete-fraisee-fendue-acier-zingue-blanc-din-97\/","title":{"rendered":"Vis Bois T\u00eate Frais\u00e9e Fendue Acier Zingu\u00e9 Blanc Din 97"},"content":{"rendered":"<a href=\"https:\/\/ac-ri.com\/wp-content\/uploads\/2025\/07\/Vis-Bois-Tete-Fraisee-Fendue-Acier-Zingue-Blanc-Din-97.pdf\" class=\"pdfemb-viewer\" style=\"\" data-width=\"max\" data-height=\"max\"  data-toolbar=\"bottom\" data-toolbar-fixed=\"on\">Vis Bois T\u00eate Frais\u00e9e Fendue Acier Zingu\u00e9 Blanc Din 97<br\/><\/a>\n","protected":false},"excerpt":{"rendered":"","protected":false},"featured_media":10741,"comment_status":"open","ping_status":"closed","template":"","meta":{"_monsterinsights_skip_tracking":false,"_monsterinsights_sitenote_active":false,"_monsterinsights_sitenote_note":"","_monsterinsights_sitenote_category":0},"product_cat":[15],"product_tag":[],"aioseo_notices":[],"jetpack_sharing_enabled":true,"_links":{"self":[{"href":"https:\/\/ac-ri.com\/index.php\/wp-json\/wp\/v2\/product\/10753"}],"collection":[{"href":"https:\/\/ac-ri.com\/index.php\/wp-json\/wp\/v2\/product"}],"about":[{"href":"https:\/\/ac-ri.com\/index.php\/wp-json\/wp\/v2\/types\/product"}],"replies":[{"embeddable":true,"href":"https:\/\/ac-ri.com\/index.php\/wp-json\/wp\/v2\/comments?post=10753"}],"wp:featuredmedia":[{"embeddable":true,"href":"https:\/\/ac-ri.com\/index.php\/wp-json\/wp\/v2\/media\/10741"}],"wp:attachment":[{"href":"https:\/\/ac-ri.com\/index.php\/wp-json\/wp\/v2\/media?parent=10753"}],"wp:term":[{"taxonomy":"product_cat","embeddable":true,"href":"https:\/\/ac-ri.com\/index.php\/wp-json\/wp\/v2\/product_cat?post=10753"},{"taxonomy":"product_tag","embeddable":true,"href":"https:\/\/ac-ri.com\/index.php\/wp-json\/wp\/v2\/product_tag?post=10753"}],"curies":[{"name":"wp","href":"https:\/\/api.w.org\/{rel}","templated":true}]}}